{"id":16843,"date":"2022-07-30T08:59:06","date_gmt":"2022-07-30T08:59:06","guid":{"rendered":"https:\/\/caserc.thimpress.com\/?page_id=16843"},"modified":"2026-01-16T15:38:08","modified_gmt":"2026-01-16T15:38:08","slug":"home","status":"publish","type":"page","link":"https:\/\/ethosyapi.com\/tr\/home\/","title":{"rendered":"Ana Sayfa"},"content":{"rendered":"<div data-elementor-type=\"wp-page\" data-elementor-id=\"16843\" class=\"elementor elementor-16843\">\n\t\t\t\t\t\t<section class=\"elementor-section elementor-top-section elementor-element elementor-element-d8d6f64 elementor-section-height-min-height elementor-section-stretched elementor-section-boxed elementor-section-height-default elementor-section-items-middle\" data-id=\"d8d6f64\" data-element_type=\"section\" data-settings=\"{&quot;stretch_section&quot;:&quot;section-stretched&quot;,&quot;background_background&quot;:&quot;classic&quot;}\">\n\t\t\t\t\t\t<div class=\"elementor-container elementor-column-gap-default\">\n\t\t\t\t\t<div class=\"elementor-column elementor-col-100 elementor-top-column elementor-element elementor-element-b1acc31 elementor-invisible\" data-id=\"b1acc31\" data-element_type=\"column\" data-settings=\"{&quot;animation&quot;:&quot;fadeInUp&quot;}\">\n\t\t\t<div class=\"elementor-widget-wrap elementor-element-populated\">\n\t\t\t\t\t\t<div class=\"elementor-element elementor-element-8c1f308 elementor-widget elementor-widget-heading\" data-id=\"8c1f308\" data-element_type=\"widget\" data-widget_type=\"heading.default\">\n\t\t\t\t\t<h2 class=\"elementor-heading-title elementor-size-default\">ethos yap\u0131 <\/h2>\t\t\t\t<\/div>\n\t\t\t\t<div class=\"elementor-element elementor-element-0506749 w-auto elementor-widget elementor-widget-text-editor\" data-id=\"0506749\" data-element_type=\"widget\" data-widget_type=\"text-editor.default\">\n\t\t\t\t\t\t\t\t\t<p>Trabzon&#8217;da g\u00fcven\u0130l\u0130r YAPI VE \u0130N\u015eAATLAR&nbsp;&nbsp;<\/p>\t\t\t\t\t\t\t\t<\/div>\n\t\t\t\t<div class=\"elementor-element elementor-element-7ed67a7 elementor-widget-divider--view-line elementor-widget elementor-widget-divider\" data-id=\"7ed67a7\" data-element_type=\"widget\" data-widget_type=\"divider.default\">\n\t\t\t\t\t\t\t<div class=\"elementor-divider\">\n\t\t\t<span class=\"elementor-divider-separator\">\n\t\t\t\t\t\t<\/span>\n\t\t<\/div>\n\t\t\t\t\t\t<\/div>\n\t\t\t\t\t<\/div>\n\t\t<\/div>\n\t\t\t\t\t<\/div>\n\t\t<\/section>\n\t\t<div class=\"elementor-element elementor-element-acf2450 e-flex e-con-boxed e-con e-parent\" data-id=\"acf2450\" data-element_type=\"container\">\n\t\t\t\t\t<div class=\"e-con-inner\">\n\t\t\t\t<div class=\"elementor-element elementor-element-6c4bb35 elementor-widget elementor-widget-thim-ekits-properties\" data-id=\"6c4bb35\" data-element_type=\"widget\" data-settings=\"{&quot;template_id&quot;:&quot;0&quot;,&quot;column_gap&quot;:{&quot;unit&quot;:&quot;px&quot;,&quot;size&quot;:30,&quot;sizes&quot;:[]},&quot;column_gap_widescreen&quot;:{&quot;unit&quot;:&quot;px&quot;,&quot;size&quot;:&quot;&quot;,&quot;sizes&quot;:[]},&quot;column_gap_tablet&quot;:{&quot;unit&quot;:&quot;px&quot;,&quot;size&quot;:&quot;&quot;,&quot;sizes&quot;:[]},&quot;column_gap_mobile&quot;:{&quot;unit&quot;:&quot;px&quot;,&quot;size&quot;:&quot;&quot;,&quot;sizes&quot;:[]}}\" data-widget_type=\"thim-ekits-properties.default\">\n\t\t\t\t<div class=\"elementor-widget-container\">\n\t\t\t\t\t\t\t\t<a class=\"view_all_property line_before\"\n\t\t\t   href=\"https:\/\/ethosyapi.com\/tr\/gayrimenkul-property\/\">Browse All<\/a>\n\t\t\t\t\t\t\t<div class=\"thim-ekits-property\">\n\t\t\t\t\t<div class=\"thim-ekits-property__inner\">\n\t\t\t\t\t\t\t\t<div class=\"realpress-property-item thim-ekits-property__article\">\n\t\t<div class=\"thim-ekits-property-header\">\n\t\t\n\t\t<div\n\t\t\tclass=\"thim-meta-overlay elementor-repeater-item-8cc3809 m-psi-flex-start mo-psi-top\">\n\n\t\t\t\r\n<div class=\"realpress-property-status\">\r\n\t<div class=\"realpress-property-item-status\">\n\t<a style=\"background-color:#FFFFFF; color:#000000\"\n\t\thref=\"https:\/\/ethosyapi.com\/tr\/gayrimenkul-status\/for-sale\/\"><span>Sat\u0131l\u0131k<\/span><\/a>\n<\/div>\n\n\n<\/div>\r\n\t\t<\/div> \n\t\t<\/div>\n\t\t\t<div class=\"thim-ekits-property-body\">\n\t\t\t\t<div class=\"thim-ekits-property-item-title\">\n\t\t\t\t\t\t<a href=\"https:\/\/ethosyapi.com\/tr\/gayrimenkul-property\/bed-sitting-room\/\">Yatak-oturma Odas\u0131<\/a>\n\t\t<\/div>\n\t\t\n\t\t<div\n\t\t\tclass=\"thim-ekits-property-meta-data elementor-repeater-item-64a67b9 m-psi-flex-start\">\n\t\t\t\t\t<\/div> \t\t<\/div>\n\t\t<\/div>\n\t\t\t\t\t\t\t<\/div>\n\t\t\t\t<\/div>\n\t\t\t\t\t\t\t\t<\/div>\n\t\t\t\t<\/div>\n\t\t\t\t\t<\/div>\n\t\t\t\t<\/div>\n\t\t\t\t<section class=\"elementor-section elementor-top-section elementor-element elementor-element-fa6ac57 elementor-section-stretched elementor-section-full_width elementor-section-height-default elementor-section-height-default elementor-invisible\" data-id=\"fa6ac57\" data-element_type=\"section\" data-settings=\"{&quot;stretch_section&quot;:&quot;section-stretched&quot;,&quot;background_background&quot;:&quot;classic&quot;,&quot;animation&quot;:&quot;fadeIn&quot;}\">\n\t\t\t\t\t\t\t<div class=\"elementor-background-overlay\"><\/div>\n\t\t\t\t\t\t\t<div class=\"elementor-container elementor-column-gap-no\">\n\t\t\t\t\t<div class=\"elementor-column elementor-col-100 elementor-top-column elementor-element elementor-element-caea69c\" data-id=\"caea69c\" data-element_type=\"column\">\n\t\t\t<div class=\"elementor-widget-wrap elementor-element-populated\">\n\t\t\t\t\t\t<div class=\"elementor-element elementor-element-d86bf77 elementor-widget elementor-widget-thim-ekits-heading\" data-id=\"d86bf77\" data-element_type=\"widget\" data-widget_type=\"thim-ekits-heading.default\">\n\t\t\t\t<div class=\"elementor-widget-container\">\n\t\t\t\t\t<div class=\"thim-ekits-heading thim-ekit__heading\"><h2 class=\"title\">Browse<\/h2><div class=\"sub-heading\">Since the day we were founded, we have been delivering value-creating projects in the construction sector with a strong commitment to quality, trust, and sustainability. With our team of experts, each specialized in their field, we combine modern engineering solutions with an aesthetic design approach in residential, commercial, and industrial projects.\n\nTransparency, on-time delivery, and high workmanship quality are our top priorities at every stage of our projects. From the materials we use to our implementation processes, we meticulously plan every detail and bring our projects to life in full compliance with national and international standards. By accurately analyzing our clients\u2019 needs, we aim to provide solutions that go beyond expectations.\n\nFor us, every project is not just a structure, but a living space designed to be used safely and confidently for many years. With our projects built on solid foundations, we continue to rise with confidence into the future, just as we do today.<\/div><\/div>\t\t\t\t<\/div>\n\t\t\t\t<\/div>\n\t\t\t\t<div class=\"elementor-element elementor-element-7da7bbc thim-ekit-custom-image_box-style-2 thim-ekit-custom-image_box-slider elementor-widget elementor-widget-thim-ekits-custom-image-box\" data-id=\"7da7bbc\" data-element_type=\"widget\" data-settings=\"{&quot;slidesPerView&quot;:5,&quot;slidesPerGroup&quot;:1,&quot;slider_loop&quot;:&quot;yes&quot;,&quot;slidesPerView_tablet&quot;:3,&quot;slidesPerGroup_tablet&quot;:1,&quot;slider_show_arrow&quot;:&quot;yes&quot;,&quot;slidesPerView_mobile&quot;:&quot;2&quot;,&quot;spaceBetween&quot;:30,&quot;spaceBetween_mobile&quot;:&quot;15&quot;,&quot;slider_speed&quot;:1000,&quot;slider_show_pagination&quot;:&quot;none&quot;}\" data-widget_type=\"thim-ekits-custom-image-box.default\">\n\t\t\t\t<div class=\"elementor-widget-container\">\n\t\t\t\t\t\n\t\t\t\t\t\t\t<div class=\"thim-slider-nav thim-slider-nav-prev\">\n\t\t\t\t\t<i aria-hidden=\"true\" class=\"tk tk-angle-left\"><\/i>\t\t\t\t<\/div>\n\n\t\t\t\t<div class=\"thim-slider-nav thim-slider-nav-next\">\n\t\t\t\t\t<i aria-hidden=\"true\" class=\"tk tk-angle-right\"><\/i>\t\t\t\t<\/div>\n\t\t\t\n\t\t<div class=\"thim-ekit-custom-image-box thim-ekits-sliders swiper-container\">\n\t\t\t<div class=\"swiper-wrapper\">\n\t\t\t\t\t\t\t\t\t\t<div class=\"thim-ekit-custom-image-box__article swiper-slide post-20461 realpress-property type-realpress-property status-publish hentry realpress-type-apartment realpress-type-condo realpress-type-land realpress-type-manufactured realpress-type-studio realpress-location-turkye realpress-feature-barbeque realpress-feature-dryer realpress-status-for-sale realpress-energy-class-a realpress-label-hot-ofer\">\n\n\t\t\t\t\t\t\t\t\t<div class=\"thim-ekits-image-thumbnail\">\n\t\t\t<a href=\"https:\/\/ethosyapi.com\/tr\/properties\/\" aria-label=\"Belmont Bah\u00e7eleri \">\n\t\t\t\t<img decoding=\"async\" src=\"https:\/\/ethosyapi.com\/wp-content\/uploads\/2022\/08\/slide-custom-v3-3.jpg\" title=\"\" alt=\"\" loading=\"lazy\" \/>\t\t\t<\/a>\n\t\t<\/div>\n\t\t\n\t\t\t\t\t\t\t<div class=\"thim-ekits-custom-image-box-content\">\n\n\t\t\t\t\t\t\t\t<div class=\"thim-ekits-custom-image-heading dflex\">\n\t\t\t\t\t\t\t\t\t<a class=\"thim-ekits-custom-image-box-title\" href=\"https:\/\/ethosyapi.com\/tr\/properties\/\" aria-label=\"Belmont Bah\u00e7eleri \">Belmont Bah\u00e7eleri <\/a>\t\t\t\t\t\t\t\t<\/div>\n\n\t\t\t\t\t\t\t\t<a class=\"thim-ekits-custom-group-button\" href=\"https:\/\/ethosyapi.com\/tr\/properties\/\" aria-label=\"Belmont Bah\u00e7eleri \"><i aria-hidden=\"true\" class=\"tk tk-arrow-right\"><\/i>\t\t\t<span><\/span> <\/a>\n\t\t\t\t\t\t\t<\/div>\n\n\t\t\t\t\t\t<\/div>\n\t\t\t\t\t\t\t\t\t<\/div>\n\t\t<\/div>\n\t\t\t\t\t\t<\/div>\n\t\t\t\t<\/div>\n\t\t\t\t\t<\/div>\n\t\t<\/div>\n\t\t\t\t\t<\/div>\n\t\t<\/section>\n\t\t\t\t<section class=\"elementor-section elementor-top-section elementor-element elementor-element-7f987ba elementor-section-stretched elementor-section-boxed elementor-section-height-default elementor-section-height-default\" data-id=\"7f987ba\" data-element_type=\"section\" data-settings=\"{&quot;stretch_section&quot;:&quot;section-stretched&quot;}\">\n\t\t\t\t\t\t<div class=\"elementor-container elementor-column-gap-default\">\n\t\t\t\t\t<div class=\"elementor-column elementor-col-100 elementor-top-column elementor-element elementor-element-7f76851\" data-id=\"7f76851\" data-element_type=\"column\">\n\t\t\t<div class=\"elementor-widget-wrap elementor-element-populated\">\n\t\t\t\t\t\t<div class=\"elementor-element elementor-element-0d9ac0e elementor-widget elementor-widget-thim-ekits-heading\" data-id=\"0d9ac0e\" data-element_type=\"widget\" data-widget_type=\"thim-ekits-heading.default\">\n\t\t\t\t<div class=\"elementor-widget-container\">\n\t\t\t\t\t<div class=\"thim-ekits-heading thim-ekit__heading\"><h5 class=\"title\">BIZIM EKIPE<\/h5><div class=\"sub-heading\">Verdi\u011fimiz hizmetten gurur duyuyoruz<\/div><\/div>\t\t\t\t<\/div>\n\t\t\t\t<\/div>\n\t\t\t\t<div class=\"elementor-element elementor-element-004e0a0 agents-v3 elementor-widget elementor-widget-thim-ekits-agents\" data-id=\"004e0a0\" data-element_type=\"widget\" data-settings=\"{&quot;slidesPerView&quot;:4,&quot;slidesPerView_tablet&quot;:2,&quot;slidesPerGroup_tablet&quot;:1,&quot;slidesPerView_mobile&quot;:&quot;2&quot;,&quot;slidesPerGroup&quot;:3,&quot;spaceBetween&quot;:30,&quot;spaceBetween_mobile&quot;:&quot;15&quot;,&quot;slider_speed&quot;:1000,&quot;slider_autoplay&quot;:&quot;no&quot;,&quot;slider_show_pagination&quot;:&quot;none&quot;}\" data-widget_type=\"thim-ekits-agents.default\">\n\t\t\t\t<div class=\"elementor-widget-container\">\n\t\t\t\t\t            <div class=\"thim-ekits-agent thim-ekits-sliders swiper-container\">\n                <div class=\"swiper-wrapper\">\n\n                    \n                    \n                    \t\t<div class=\"thim-ekits-agent-item thim-ekits-agent__article swiper-slide\">\n\t\t\t<div class=\"thim-ekits-agent-header\">\n\t\t\t\t\t\t\t<div class=\"thim-ekits-agent-avatar\">\n                <a href=\"https:\/\/ethosyapi.com\/tr\/gayrimenkul-agent\/tbz2026\/\">\n\t\t\t\t    <img decoding=\"async\" src=\"https:\/\/secure.gravatar.com\/avatar\/a42cea988b43e8089bece0c0debea0479f1b9124a66a6229e02249f74e316ba6?s=96&#038;d=mm&#038;r=g\" alt=\"#agent-avatar\">\n                <\/a>\n\t\t\t<\/div>\n\t\t\t\n            <ul class=\"thim-ekits-agent-social-network-list\">\n                            <\/ul>\n                    \t\t\t<\/div>\n\t\t\t\t<div class=\"thim-ekits-agent-body\">\n\t\t\t        <div class=\"thim-ekits-agent-name\">\n\t\t\t<a href=\"https:\/\/ethosyapi.com\/tr\/gayrimenkul-agent\/tbz2026\/\">Tarek Alolo<\/a>\n\t\t<\/div>\n        \n\t\t<div class=\"thim-ekits-agent-meta-data elementor-repeater-item-5467311\">\n\t\t\t<div class=\"thim-ekits-agent-contact\">                <div class=\"thim-ekits-agent-email\">\n                    <a href=\"mailto:tark.d92@gmail.com\"><i aria-hidden=\"true\" class=\"tk tk-envelope\"><\/i><\/a>\n                <\/div>\n                        <div class=\"thim-ekits-agent-mobile\">\n                <a href=\"tel:\"><i aria-hidden=\"true\" class=\"tk tk-phone-volume\"><\/i><\/a>\n            <\/div>\n        <\/div>\t\t<\/div> \t\t\t<\/div>\n\t\t<\/div>\n\t\t\n                                                        <\/div>\n            <\/div>\n\n                    \t\t\t\t<\/div>\n\t\t\t\t<\/div>\n\t\t\t\t<div class=\"elementor-element elementor-element-fb4c254 elementor-align-center elementor-widget elementor-widget-button\" data-id=\"fb4c254\" data-element_type=\"widget\" data-widget_type=\"button.default\">\n\t\t\t\t\t\t\t\t\t\t<a class=\"elementor-button elementor-button-link elementor-size-sm\" href=\"https:\/\/ethosyapi.com\/tr\/agent\/\">\n\t\t\t\t\t\t<span class=\"elementor-button-content-wrapper\">\n\t\t\t\t\t\t\t\t\t<span class=\"elementor-button-text\">T\u00fcm arac\u0131lar\u0131 g\u00f6r\u00fcnt\u00fcle<\/span>\n\t\t\t\t\t<\/span>\n\t\t\t\t\t<\/a>\n\t\t\t\t\t\t\t\t<\/div>\n\t\t\t\t\t<\/div>\n\t\t<\/div>\n\t\t\t\t\t<\/div>\n\t\t<\/section>\n\t\t\t\t<section class=\"elementor-section elementor-top-section elementor-element elementor-element-2769555 elementor-section-full_width elementor-section-stretched right-fullwidth elementor-section-height-default elementor-section-height-default\" data-id=\"2769555\" data-element_type=\"section\" data-settings=\"{&quot;stretch_section&quot;:&quot;section-stretched&quot;,&quot;background_background&quot;:&quot;classic&quot;}\">\n\t\t\t\t\t\t<div class=\"elementor-container elementor-column-gap-no\">\n\t\t\t\t\t<div class=\"elementor-column elementor-col-50 elementor-top-column elementor-element elementor-element-d6eb144\" data-id=\"d6eb144\" data-element_type=\"column\">\n\t\t\t<div class=\"elementor-widget-wrap elementor-element-populated\">\n\t\t\t\t\t\t<div class=\"elementor-element elementor-element-6051d29 elementor-widget elementor-widget-heading\" data-id=\"6051d29\" data-element_type=\"widget\" data-widget_type=\"heading.default\">\n\t\t\t\t\t<h2 class=\"elementor-heading-title elementor-size-default\">tARABZON \u0130N\u015eAAT <\/h2>\t\t\t\t<\/div>\n\t\t\t\t<div class=\"elementor-element elementor-element-ad811c5 elementor-widget elementor-widget-text-editor\" data-id=\"ad811c5\" data-element_type=\"widget\" data-widget_type=\"text-editor.default\">\n\t\t\t\t\t\t\t\t\t<p data-start=\"0\" data-end=\"355\">Since the day we were founded, we have been delivering value-creating projects in the construction sector with a strong commitment to quality, trust, and sustainability. With our team of experts, each specialized in their field, we combine modern engineering solutions with an aesthetic design approach in residential, commercial, and industrial projects.<\/p><p data-start=\"357\" data-end=\"759\">Transparency, on-time delivery, and high workmanship quality are our top priorities at every stage of our projects. From the materials we use to our implementation processes, we meticulously plan every detail and bring our projects to life in full compliance with national and international standards. By accurately analyzing our clients\u2019 needs, we aim to provide solutions that go beyond expectations.<\/p><p data-start=\"761\" data-end=\"1005\" data-is-last-node=\"\" data-is-only-node=\"\">For us, every project is not just a structure, but a living space designed to be used safely and confidently for many years. With our projects built on solid foundations, we continue to rise with confidence into the future, just as we do today.<\/p>\t\t\t\t\t\t\t\t<\/div>\n\t\t\t\t<div class=\"elementor-element elementor-element-bb62ac8 elementor-widget elementor-widget-button\" data-id=\"bb62ac8\" data-element_type=\"widget\" data-widget_type=\"button.default\">\n\t\t\t\t\t\t\t\t\t\t<a class=\"elementor-button elementor-button-link elementor-size-sm\" href=\"\/tr\/blogs\/\">\n\t\t\t\t\t\t<span class=\"elementor-button-content-wrapper\">\n\t\t\t\t\t\t<span class=\"elementor-button-icon\">\n\t\t\t\t<i aria-hidden=\"true\" class=\"tk tk-arrow-right\"><\/i>\t\t\t<\/span>\n\t\t\t\t\t\t\t\t\t<span class=\"elementor-button-text\">Read more<\/span>\n\t\t\t\t\t<\/span>\n\t\t\t\t\t<\/a>\n\t\t\t\t\t\t\t\t<\/div>\n\t\t\t\t\t<\/div>\n\t\t<\/div>\n\t\t\t\t<div class=\"elementor-column elementor-col-50 elementor-top-column elementor-element elementor-element-4e78437\" data-id=\"4e78437\" data-element_type=\"column\">\n\t\t\t<div class=\"elementor-widget-wrap elementor-element-populated\">\n\t\t\t\t\t\t<div class=\"elementor-element elementor-element-0fcd25a elementor-widget elementor-widget-google_maps\" data-id=\"0fcd25a\" data-element_type=\"widget\" data-widget_type=\"google_maps.default\">\n\t\t\t\t\t\t\t<div class=\"elementor-custom-embed\">\n\t\t\t<iframe loading=\"lazy\"\n\t\t\t\t\tsrc=\"https:\/\/maps.google.com\/maps?q=Ye%C5%9Filk%C3%B6y%2C%20Papatya%20Sk.%20No%3A4%2C%2061000%20Pelitli%2FTrabzon%20Merkez%2FTrabzon%2C%20T%C3%BCrkiye&#038;t=m&#038;z=15&#038;output=embed&#038;iwloc=near\"\n\t\t\t\t\ttitle=\"Ye\u015filk\u00f6y, Papatya Sk. No:4, 61000 Pelitli\/Trabzon Merkez\/Trabzon, T\u00fcrkiye\"\n\t\t\t\t\taria-label=\"Ye\u015filk\u00f6y, Papatya Sk. No:4, 61000 Pelitli\/Trabzon Merkez\/Trabzon, T\u00fcrkiye\"\n\t\t\t><\/iframe>\n\t\t<\/div>\n\t\t\t\t\t\t<\/div>\n\t\t\t\t\t<\/div>\n\t\t<\/div>\n\t\t\t\t\t<\/div>\n\t\t<\/section>\n\t\t\t\t<section class=\"elementor-section elementor-top-section elementor-element elementor-element-e29dffe elementor-section-stretched elementor-section-boxed elementor-section-height-default elementor-section-height-default\" data-id=\"e29dffe\" data-element_type=\"section\" data-settings=\"{&quot;stretch_section&quot;:&quot;section-stretched&quot;,&quot;background_background&quot;:&quot;classic&quot;}\">\n\t\t\t\t\t\t<div class=\"elementor-container elementor-column-gap-default\">\n\t\t\t\t\t<div class=\"elementor-column elementor-col-100 elementor-top-column elementor-element elementor-element-57d4f06\" data-id=\"57d4f06\" data-element_type=\"column\" data-settings=\"{&quot;background_background&quot;:&quot;classic&quot;}\">\n\t\t\t<div class=\"elementor-widget-wrap elementor-element-populated\">\n\t\t\t\t\t\t<div class=\"elementor-element elementor-element-6b093bb elementor-widget elementor-widget-thim-ekits-heading\" data-id=\"6b093bb\" data-element_type=\"widget\" data-widget_type=\"thim-ekits-heading.default\">\n\t\t\t\t<div class=\"elementor-widget-container\">\n\t\t\t\t\t<div class=\"thim-ekits-heading thim-ekit__heading\"><h2 class=\"title\">Haberleri Al\u0131n<\/h2><div class=\"sub-heading\">Verdi\u011fimiz hizmetten gurur duyuyoruz<\/div><\/div>\t\t\t\t<\/div>\n\t\t\t\t<\/div>\n\t\t\t\t<div class=\"elementor-element elementor-element-a018885 elementor-widget__width-initial contact-footer-v6 get-new elementor-widget elementor-widget-thim-ekits-contact-form-7\" data-id=\"a018885\" data-element_type=\"widget\" data-widget_type=\"thim-ekits-contact-form-7.default\">\n\t\t\t\t<div class=\"elementor-widget-container\">\n\t\t\t\t\t\t\t\t<div class=\"thim-ekit-wpcf7\">\n\t\t\t\t\n<div class=\"wpcf7 no-js\" id=\"wpcf7-f18295-o1\" lang=\"en-US\" dir=\"ltr\" data-wpcf7-id=\"18295\">\n<div class=\"screen-reader-response\"><p role=\"status\" aria-live=\"polite\" aria-atomic=\"true\"><\/p> <ul><\/ul><\/div>\n<form action=\"\/tr\/wp-json\/wp\/v2\/pages\/16843#wpcf7-f18295-o1\" method=\"post\" class=\"wpcf7-form init\" aria-label=\"Contact form\" novalidate=\"novalidate\" data-status=\"init\" data-trp-original-action=\"\/tr\/wp-json\/wp\/v2\/pages\/16843#wpcf7-f18295-o1\">\n<fieldset class=\"hidden-fields-container\"><input type=\"hidden\" name=\"_wpcf7\" value=\"18295\" \/><input type=\"hidden\" name=\"_wpcf7_version\" value=\"6.1.4\" \/><input type=\"hidden\" name=\"_wpcf7_locale\" value=\"en_US\" \/><input type=\"hidden\" name=\"_wpcf7_unit_tag\" value=\"wpcf7-f18295-o1\" \/><input type=\"hidden\" name=\"_wpcf7_container_post\" value=\"0\" \/><input type=\"hidden\" name=\"_wpcf7_posted_data_hash\" value=\"\" \/>\n<\/fieldset>\n<div>\n\t<p><label> <span class=\"wpcf7-form-control-wrap\" data-name=\"your-email\"><input size=\"40\" maxlength=\"400\" class=\"wpcf7-form-control wpcf7-email wpcf7-validates-as-required wpcf7-text wpcf7-validates-as-email\" aria-required=\"true\" aria-invalid=\"false\" placeholder=\"E-postan\u0131z\u0131 girin\" value=\"\" type=\"email\" name=\"your-email\" \/><\/span> <\/label>\n\t<\/p>\n<\/div>\n<p><input class=\"wpcf7-form-control wpcf7-submit has-spinner\" type=\"submit\" value=\"Abone ol\" \/>\n<\/p><div class=\"wpcf7-response-output\" aria-hidden=\"true\"><\/div>\n<input type=\"hidden\" name=\"trp-form-language\" value=\"tr\"\/><\/form>\n<\/div>\n\t\t\t<\/div>\n\t\t\t\t\t\t<\/div>\n\t\t\t\t<\/div>\n\t\t\t\t\t<\/div>\n\t\t<\/div>\n\t\t\t\t\t<\/div>\n\t\t<\/section>\n\t\t<div class=\"elementor-element elementor-element-5c2eaed e-flex e-con-boxed e-con e-parent\" data-id=\"5c2eaed\" data-element_type=\"container\">\n\t\t\t\t\t<div class=\"e-con-inner\">\n\t\t\t\t<div class=\"elementor-element elementor-element-31d20b6 elementor-widget elementor-widget-thim-ekits-social\" data-id=\"31d20b6\" data-element_type=\"widget\" data-widget_type=\"thim-ekits-social.default\">\n\t\t\t\t<div class=\"elementor-widget-container\">\n\t\t\t\t\t\t\t<div class=\"social-swapper\">\n\t\t\t\n\t\t<ul class=\"thim-social-media\">\n\t\t\t\t\t\t\t\t\t\t\t\t<li class=\"elementor-repeater-item-2493ba9\">\n\t\t\t\t\t\t<a href=\"https:\/\/facebook.com\">\n\t\t\t\t\t\t\t\t\t\t\t\t\t\t\t<i aria-hidden=\"true\" class=\"fab fa-facebook-f\"><\/i>\t\t\t\t\t\t\t\n\t\t\t\t\t\t\t\n\t\t\t\t\t\t\t\t\t\t\t\t\t<\/a>\n\t\t\t\t\t<\/li>\n\t\t\t\t\t\t\t\t\t\t\t\t\t\t\t\t<li class=\"elementor-repeater-item-df9ae19\">\n\t\t\t\t\t\t<a href=\"https:\/\/facebook.com\">\n\t\t\t\t\t\t\t\t\t\t\t\t\t\t\t<i aria-hidden=\"true\" class=\"fab fa-twitter\"><\/i>\t\t\t\t\t\t\t\n\t\t\t\t\t\t\t\n\t\t\t\t\t\t\t\t\t\t\t\t\t<\/a>\n\t\t\t\t\t<\/li>\n\t\t\t\t\t\t\t\t\t\t\t\t\t\t\t\t<li class=\"elementor-repeater-item-b39ba49\">\n\t\t\t\t\t\t<a href=\"https:\/\/facebook.com\">\n\t\t\t\t\t\t\t\t\t\t\t\t\t\t\t<i aria-hidden=\"true\" class=\"fab fa-linkedin-in\"><\/i>\t\t\t\t\t\t\t\n\t\t\t\t\t\t\t\n\t\t\t\t\t\t\t\t\t\t\t\t\t<\/a>\n\t\t\t\t\t<\/li>\n\t\t\t\t\t\t\t\t\t<\/ul>\n\t\t\t\t<\/div>\n\t\t\t\t\t\t<\/div>\n\t\t\t\t<\/div>\n\t\t\t\t\t<\/div>\n\t\t\t\t<\/div>\n\t\t\t\t<\/div>","protected":false},"excerpt":{"rendered":"<p>ethos yap\u0131 Trabzon&#8217;da g\u00fcven\u0130l\u0130r YAPI VE \u0130N\u015eAATLAR&nbsp;&nbsp; Browse All Browse Since the day we were [&hellip;]<\/p>","protected":false},"author":1,"featured_media":0,"parent":0,"menu_order":0,"comment_status":"closed","ping_status":"closed","template":"elementor_header_footer","meta":{"footnotes":""},"class_list":["post-16843","page","type-page","status-publish","hentry"],"_hostinger_reach_plugin_has_subscription_block":false,"_hostinger_reach_plugin_is_elementor":false,"_links":{"self":[{"href":"https:\/\/ethosyapi.com\/tr\/wp-json\/wp\/v2\/pages\/16843","targetHints":{"allow":["GET"]}}],"collection":[{"href":"https:\/\/ethosyapi.com\/tr\/wp-json\/wp\/v2\/pages"}],"about":[{"href":"https:\/\/ethosyapi.com\/tr\/wp-json\/wp\/v2\/types\/page"}],"author":[{"embeddable":true,"href":"https:\/\/ethosyapi.com\/tr\/wp-json\/wp\/v2\/users\/1"}],"replies":[{"embeddable":true,"href":"https:\/\/ethosyapi.com\/tr\/wp-json\/wp\/v2\/comments?post=16843"}],"version-history":[{"count":39,"href":"https:\/\/ethosyapi.com\/tr\/wp-json\/wp\/v2\/pages\/16843\/revisions"}],"predecessor-version":[{"id":26398,"href":"https:\/\/ethosyapi.com\/tr\/wp-json\/wp\/v2\/pages\/16843\/revisions\/26398"}],"wp:attachment":[{"href":"https:\/\/ethosyapi.com\/tr\/wp-json\/wp\/v2\/media?parent=16843"}],"curies":[{"name":"wp","href":"https:\/\/api.w.org\/{rel}","templated":true}]}}